{"id":52,"date":"2016-09-17T15:19:21","date_gmt":"2016-09-17T13:19:21","guid":{"rendered":"http:\/\/www.podologie-gruszka.de\/wordpress\/?page_id=52"},"modified":"2026-01-09T10:14:39","modified_gmt":"2026-01-09T09:14:39","slug":"home","status":"publish","type":"page","link":"http:\/\/www.podologie-gruszka.de\/wordpress\/","title":{"rendered":"\u2588\u258c Home"},"content":{"rendered":"<style type=\"text\/css\">.easingslider-169 { width: 100%; }.easingslider-169 .easingslider-image { max-height: 450px; max-width: 920px; }.easingslider-169 .easingslider-fade-in, .easingslider-fade-out { -webkit-animation-duration: 400ms; -moz-animation-duration: 400ms; animation-duration: 400ms; }<\/style><script type=\"text\/javascript\">window.EasingSlider169 = {\"width\":920,\"height\":450,\"singleItem\":true,\"items\":1,\"itemsDesktop\":false,\"itemsDesktopSmall\":false,\"itemsTablet\":false,\"itemsTabletSmall\":false,\"itemsMobile\":false,\"responsive\":true,\"lazyLoad\":true,\"autoPlay\":4000,\"slideSpeed\":400,\"navigation\":false,\"navigationText\":[\"\",\"\"],\"pagination\":true,\"autoHeight\":false,\"mouseDrag\":false,\"touchDrag\":false,\"addClassActive\":true,\"transitionStyle\":\"fade\"};<\/script><div data-id=\"169\" class=\"easingslider easingslider-169 easingslider-container easingslider-full-width easingslider-resizing-enabled easingslider-aspect-ratio easingslider-pagination-inside easingslider-pagination-bottom-center\"><div class=\"easingslider-slide\"><img decoding=\"async\" src=\"http:\/\/www.podologie-gruszka.de\/wordpress\/wp-content\/plugins\/easing-slider\/assets\/images\/placeholder-pixel.png\" data-src=\"http:\/\/www.podologie-gruszka.de\/wordpress\/wp-content\/uploads\/2016\/09\/Image-6-scaled-920x450.jpg\" alt=\"\" title=\"\" class=\"easingslider-image easingslider-lazy\" \/><\/div><div class=\"easingslider-slide\"><img decoding=\"async\" src=\"http:\/\/www.podologie-gruszka.de\/wordpress\/wp-content\/plugins\/easing-slider\/assets\/images\/placeholder-pixel.png\" data-src=\"http:\/\/www.podologie-gruszka.de\/wordpress\/wp-content\/uploads\/2016\/09\/Image-5-1-scaled-920x450.jpg\" alt=\"\" title=\"\" class=\"easingslider-image easingslider-lazy\" \/><\/div><div class=\"easingslider-slide\"><img decoding=\"async\" src=\"http:\/\/www.podologie-gruszka.de\/wordpress\/wp-content\/plugins\/easing-slider\/assets\/images\/placeholder-pixel.png\" data-src=\"http:\/\/www.podologie-gruszka.de\/wordpress\/wp-content\/uploads\/2016\/09\/Image-122-scaled-920x450.jpg\" alt=\"\" title=\"\" class=\"easingslider-image easingslider-lazy\" \/><\/div><div class=\"easingslider-slide\"><img decoding=\"async\" src=\"http:\/\/www.podologie-gruszka.de\/wordpress\/wp-content\/plugins\/easing-slider\/assets\/images\/placeholder-pixel.png\" data-src=\"http:\/\/www.podologie-gruszka.de\/wordpress\/wp-content\/uploads\/2016\/09\/Image-8-1-scaled-920x450.jpg\" alt=\"\" title=\"\" class=\"easingslider-image easingslider-lazy\" \/><\/div><div class=\"easingslider-slide\"><img decoding=\"async\" src=\"http:\/\/www.podologie-gruszka.de\/wordpress\/wp-content\/plugins\/easing-slider\/assets\/images\/placeholder-pixel.png\" data-src=\"http:\/\/www.podologie-gruszka.de\/wordpress\/wp-content\/uploads\/2016\/09\/Image-4-2-scaled-e1770983171510-920x450.jpg\" alt=\"\" title=\"\" class=\"easingslider-image easingslider-lazy\" \/><\/div><div class=\"easingslider-slide\"><img decoding=\"async\" src=\"http:\/\/www.podologie-gruszka.de\/wordpress\/wp-content\/plugins\/easing-slider\/assets\/images\/placeholder-pixel.png\" data-src=\"http:\/\/www.podologie-gruszka.de\/wordpress\/wp-content\/uploads\/2016\/09\/Image-125-scaled-920x450.jpg\" alt=\"\" title=\"\" class=\"easingslider-image easingslider-lazy\" \/><\/div><\/div>\n\n\n<p style=\"text-align: center;\">\u00a0<\/p>\n<p style=\"text-align: center;\">\u00a0<\/p>\n<p style=\"text-align: center; font-size: 18px;\">Wir freuen uns, Sie in unseren R\u00e4umlichkeiten begr\u00fc\u00dfen zu d\u00fcrfen.<\/p>\n<p>&nbsp;<\/p>\n<p><img loading=\"lazy\" decoding=\"async\" class=\"aligncenter wp-image-183\" src=\"http:\/\/www.podologie-gruszka.de\/wordpress\/wp-content\/uploads\/2016\/09\/schrift2.png\" alt=\"schrift2\" width=\"1350\" height=\"90\" srcset=\"http:\/\/www.podologie-gruszka.de\/wordpress\/wp-content\/uploads\/2016\/09\/schrift2.png 1920w, http:\/\/www.podologie-gruszka.de\/wordpress\/wp-content\/uploads\/2016\/09\/schrift2-300x20.png 300w, http:\/\/www.podologie-gruszka.de\/wordpress\/wp-content\/uploads\/2016\/09\/schrift2-768x51.png 768w, http:\/\/www.podologie-gruszka.de\/wordpress\/wp-content\/uploads\/2016\/09\/schrift2-1024x68.png 1024w\" sizes=\"auto, (max-width: 1350px) 100vw, 1350px\" \/><\/p>","protected":false},"excerpt":{"rendered":"<p>\u00a0 \u00a0 Wir freuen uns, Sie in unseren R\u00e4umlichkeiten begr\u00fc\u00dfen zu d\u00fcrfen. &nbsp;<\/p>\n","protected":false},"author":1,"featured_media":0,"parent":0,"menu_order":0,"comment_status":"closed","ping_status":"closed","template":"","meta":{"footnotes":""},"class_list":["post-52","page","type-page","status-publish","hentry"],"_links":{"self":[{"href":"http:\/\/www.podologie-gruszka.de\/wordpress\/wp-json\/wp\/v2\/pages\/52","targetHints":{"allow":["GET"]}}],"collection":[{"href":"http:\/\/www.podologie-gruszka.de\/wordpress\/wp-json\/wp\/v2\/pages"}],"about":[{"href":"http:\/\/www.podologie-gruszka.de\/wordpress\/wp-json\/wp\/v2\/types\/page"}],"author":[{"embeddable":true,"href":"http:\/\/www.podologie-gruszka.de\/wordpress\/wp-json\/wp\/v2\/users\/1"}],"replies":[{"embeddable":true,"href":"http:\/\/www.podologie-gruszka.de\/wordpress\/wp-json\/wp\/v2\/comments?post=52"}],"version-history":[{"count":41,"href":"http:\/\/www.podologie-gruszka.de\/wordpress\/wp-json\/wp\/v2\/pages\/52\/revisions"}],"predecessor-version":[{"id":366,"href":"http:\/\/www.podologie-gruszka.de\/wordpress\/wp-json\/wp\/v2\/pages\/52\/revisions\/366"}],"wp:attachment":[{"href":"http:\/\/www.podologie-gruszka.de\/wordpress\/wp-json\/wp\/v2\/media?parent=52"}],"curies":[{"name":"wp","href":"https:\/\/api.w.org\/{rel}","templated":true}]}}