{"id":58,"date":"2016-09-17T15:26:21","date_gmt":"2016-09-17T13:26:21","guid":{"rendered":"http:\/\/www.podologie-gruszka.de\/wordpress\/?page_id=58"},"modified":"2016-10-28T11:26:55","modified_gmt":"2016-10-28T09:26:55","slug":"leistungen","status":"publish","type":"page","link":"http:\/\/www.podologie-gruszka.de\/wordpress\/leistungen\/","title":{"rendered":"\u2588\u258c Leistungen"},"content":{"rendered":"<p style=\"color: #007e98; font-size: 18px;\"><strong>Zulassung f\u00fcr alle Krankenkassen<\/strong><\/p>\n<p>&nbsp;<\/p>\n<ul style=\"font-size: 16px;\">\n<li>medizinische Fu\u00dfbehandlung speziell f\u00fcr Diabetiker<\/li>\n<li>Behandlung von Nagelpilz<\/li>\n<li>Behandlung von H\u00fchneraugen<\/li>\n<li>Behandlung von Warzen<\/li>\n<li>Behandlung von eingewachsenen Zehn\u00e4geln<\/li>\n<li>Druck- und Reibungsschutz<\/li>\n<li>verschiedene Nagelkorrekturspangen<\/li>\n<li>Orthosentechnik<\/li>\n<li>Nagelprothetik<\/li>\n<li>individuelle Beratung<\/li>\n<\/ul>\n<p>&nbsp;<\/p>\n<p style=\"color: #007e98; font-size: 18px;\"><strong>Behindertengerechter Zugang zur Praxis, sowie praxiseigene Parkpl\u00e4tze !<\/strong><\/p>\n","protected":false},"excerpt":{"rendered":"<p>Zulassung f\u00fcr alle Krankenkassen &nbsp; medizinische Fu\u00dfbehandlung speziell f\u00fcr Diabetiker Behandlung von Nagelpilz Behandlung von H\u00fchneraugen Behandlung von Warzen Behandlung von eingewachsenen Zehn\u00e4geln Druck- und Reibungsschutz verschiedene Nagelkorrekturspangen Orthosentechnik Nagelprothetik individuelle Beratung &nbsp; Behindertengerechter Zugang zur Praxis, sowie praxiseigene Parkpl\u00e4tze !<\/p>\n","protected":false},"author":1,"featured_media":0,"parent":0,"menu_order":2,"comment_status":"closed","ping_status":"closed","template":"","meta":{"footnotes":""},"class_list":["post-58","page","type-page","status-publish","hentry"],"_links":{"self":[{"href":"http:\/\/www.podologie-gruszka.de\/wordpress\/wp-json\/wp\/v2\/pages\/58","targetHints":{"allow":["GET"]}}],"collection":[{"href":"http:\/\/www.podologie-gruszka.de\/wordpress\/wp-json\/wp\/v2\/pages"}],"about":[{"href":"http:\/\/www.podologie-gruszka.de\/wordpress\/wp-json\/wp\/v2\/types\/page"}],"author":[{"embeddable":true,"href":"http:\/\/www.podologie-gruszka.de\/wordpress\/wp-json\/wp\/v2\/users\/1"}],"replies":[{"embeddable":true,"href":"http:\/\/www.podologie-gruszka.de\/wordpress\/wp-json\/wp\/v2\/comments?post=58"}],"version-history":[{"count":9,"href":"http:\/\/www.podologie-gruszka.de\/wordpress\/wp-json\/wp\/v2\/pages\/58\/revisions"}],"predecessor-version":[{"id":260,"href":"http:\/\/www.podologie-gruszka.de\/wordpress\/wp-json\/wp\/v2\/pages\/58\/revisions\/260"}],"wp:attachment":[{"href":"http:\/\/www.podologie-gruszka.de\/wordpress\/wp-json\/wp\/v2\/media?parent=58"}],"curies":[{"name":"wp","href":"https:\/\/api.w.org\/{rel}","templated":true}]}}